{"id":472,"date":"2022-02-09T13:55:02","date_gmt":"2022-02-09T05:55:02","guid":{"rendered":"https:\/\/kailelifestyle.com\/?page_id=472"},"modified":"2024-12-25T10:44:31","modified_gmt":"2024-12-25T02:44:31","slug":"merci","status":"publish","type":"page","link":"https:\/\/kailelifestyle.com\/fr\/merci\/","title":{"rendered":"THANK YOU!"},"content":{"rendered":"<style>.elementor-472 .elementor-element.elementor-element-2a996a3c{margin-top:50px;margin-bottom:500px;overflow:visible;}.elementor-472 .elementor-element.elementor-element-93c97b7 .uael-heading,.elementor-472 .elementor-element.elementor-element-93c97b7 .uael-sub-heading, .elementor-472 .elementor-element.elementor-element-93c97b7 .uael-sub-heading *,.elementor-472 .elementor-element.elementor-element-93c97b7 .uael-subheading, .elementor-472 .elementor-element.elementor-element-93c97b7 .uael-subheading *, .elementor-472 .elementor-element.elementor-element-93c97b7 .uael-separator-parent{text-align:center;}.elementor-472 .elementor-element.elementor-element-93c97b7 .uael-heading{margin:0px 0px 15px 0px;}.elementor-472 .elementor-element.elementor-element-cb5ddfb{overflow:visible;}:root{--page-title-display:none;}<\/style>\t\t<div data-elementor-type=\"wp-page\" data-elementor-id=\"472\" class=\"elementor elementor-472\" data-elementor-post-type=\"page\">\n\t\t\t\t\t\t<section class=\"elementor-section elementor-top-section elementor-element elementor-element-2a996a3c elementor-section-boxed elementor-section-height-default elementor-section-height-default\" data-id=\"2a996a3c\" data-element_type=\"section\" data-e-type=\"section\" data-settings=\"{&quot;ekit_has_onepagescroll_dot&quot;:&quot;yes&quot;}\">\n\t\t\t\t\t\t<div class=\"elementor-container elementor-column-gap-default\">\n\t\t\t\t\t<div class=\"elementor-column elementor-col-100 elementor-top-column elementor-element elementor-element-52aac438\" data-id=\"52aac438\" data-element_type=\"column\" data-e-type=\"column\">\n\t\t\t<div class=\"elementor-widget-wrap elementor-element-populated\">\n\t\t\t\t\t\t<div class=\"elementor-element elementor-element-93c97b7 uael-heading-align-center elementor-widget elementor-widget-uael-advanced-heading\" data-id=\"93c97b7\" data-element_type=\"widget\" data-e-type=\"widget\" data-settings=\"{&quot;ekit_we_effect_on&quot;:&quot;none&quot;}\" data-widget_type=\"uael-advanced-heading.default\">\n\t\t\t\t<div class=\"elementor-widget-container\">\n\t\t\t\t\t\n\t\t<div class=\"uael-module-content uael-heading-wrapper\">\n\t\t\t\t\t\t\n\t\t\t<h2 class=\"uael-heading\">\n\t\t\t\t\t\t\t\t\t\t<span class=\"uael-heading-text elementor-inline-editing uael-size--default\" data-elementor-setting-key=\"heading_title\" data-elementor-inline-editing-toolbar=\"basic\">F\u00e9licitations ! Votre demande a \u00e9t\u00e9 envoy\u00e9e avec succ\u00e8s !<\/span>\n\t\t\t\t\t\t\t<\/h2>\n\n\t\t\t\n\t\t\t\n\t\t\t\n\t\t\t\t\t\t<\/div>\n\t\t\t\t\t\t<\/div>\n\t\t\t\t<\/div>\n\t\t\t\t\t<\/div>\n\t\t<\/div>\n\t\t\t\t\t<\/div>\n\t\t<\/section>\n\t\t\t\t<section class=\"elementor-section elementor-top-section elementor-element elementor-element-cb5ddfb elementor-section-boxed elementor-section-height-default elementor-section-height-default\" data-id=\"cb5ddfb\" data-element_type=\"section\" data-e-type=\"section\" data-settings=\"{&quot;ekit_has_onepagescroll_dot&quot;:&quot;yes&quot;}\">\n\t\t\t\t\t\t<div class=\"elementor-container elementor-column-gap-default\">\n\t\t\t\t\t<div class=\"elementor-column elementor-col-100 elementor-top-column elementor-element elementor-element-e38b25a\" data-id=\"e38b25a\" data-element_type=\"column\" data-e-type=\"column\">\n\t\t\t<div class=\"elementor-widget-wrap elementor-element-populated\">\n\t\t\t\t\t\t<div class=\"elementor-element elementor-element-d7ca4f4 elementor-widget elementor-widget-shortcode\" data-id=\"d7ca4f4\" data-element_type=\"widget\" data-e-type=\"widget\" data-settings=\"{&quot;ekit_we_effect_on&quot;:&quot;none&quot;}\" data-widget_type=\"shortcode.default\">\n\t\t\t\t<div class=\"elementor-widget-container\">\n\t\t\t\t\t\t\t<div class=\"elementor-shortcode\"><\/div>\n\t\t\t\t\t\t<\/div>\n\t\t\t\t<\/div>\n\t\t\t\t\t<\/div>\n\t\t<\/div>\n\t\t\t\t\t<\/div>\n\t\t<\/section>\n\t\t\t\t<\/div>","protected":false},"excerpt":{"rendered":"<p>F\u00e9licitations ! Votre demande a \u00e9t\u00e9 envoy\u00e9e avec succ\u00e8s !<\/p>","protected":false},"author":1,"featured_media":0,"parent":0,"menu_order":0,"comment_status":"closed","ping_status":"closed","template":"","meta":{"_seopress_robots_primary_cat":"","_seopress_titles_title":"","_seopress_titles_desc":"","_seopress_robots_index":"","_joinchat":[],"footnotes":""},"class_list":["post-472","page","type-page","status-publish","hentry"],"_links":{"self":[{"href":"https:\/\/kailelifestyle.com\/fr\/wp-json\/wp\/v2\/pages\/472","targetHints":{"allow":["GET"]}}],"collection":[{"href":"https:\/\/kailelifestyle.com\/fr\/wp-json\/wp\/v2\/pages"}],"about":[{"href":"https:\/\/kailelifestyle.com\/fr\/wp-json\/wp\/v2\/types\/page"}],"author":[{"embeddable":true,"href":"https:\/\/kailelifestyle.com\/fr\/wp-json\/wp\/v2\/users\/1"}],"replies":[{"embeddable":true,"href":"https:\/\/kailelifestyle.com\/fr\/wp-json\/wp\/v2\/comments?post=472"}],"version-history":[{"count":13,"href":"https:\/\/kailelifestyle.com\/fr\/wp-json\/wp\/v2\/pages\/472\/revisions"}],"predecessor-version":[{"id":10174,"href":"https:\/\/kailelifestyle.com\/fr\/wp-json\/wp\/v2\/pages\/472\/revisions\/10174"}],"wp:attachment":[{"href":"https:\/\/kailelifestyle.com\/fr\/wp-json\/wp\/v2\/media?parent=472"}],"curies":[{"name":"wp","href":"https:\/\/api.w.org\/{rel}","templated":true}]}}