{"id":22,"date":"2021-11-23T16:04:39","date_gmt":"2021-11-23T08:04:39","guid":{"rendered":"https:\/\/kailelifestyle.com\/?page_id=22"},"modified":"2025-02-25T15:32:52","modified_gmt":"2025-02-25T07:32:52","slug":"o","status":"publish","type":"page","link":"https:\/\/kailelifestyle.com\/pl\/o\/","title":{"rendered":"O"},"content":{"rendered":"<div data-elementor-type=\"wp-page\" data-elementor-id=\"22\" class=\"elementor elementor-22\" data-elementor-post-type=\"page\">\n\t\t\t\t<div class=\"elementor-element elementor-element-d80ae06 e-flex e-con-boxed e-con e-parent\" data-id=\"d80ae06\" data-element_type=\"container\" data-e-type=\"container\" data-settings=\"{&quot;ekit_has_onepagescroll_dot&quot;:&quot;yes&quot;}\">\n\t\t\t\t\t<div class=\"e-con-inner\">\n\t\t<div class=\"elementor-element elementor-element-d30c769 e-con-full e-flex e-con e-child\" data-id=\"d30c769\" data-element_type=\"container\" data-e-type=\"container\" data-settings=\"{&quot;ekit_has_onepagescroll_dot&quot;:&quot;yes&quot;}\">\n\t\t\t\t<div class=\"elementor-element elementor-element-9b41ca5 elementor-widget__width-initial elementor-widget elementor-widget-heading\" data-id=\"9b41ca5\" data-element_type=\"widget\" data-e-type=\"widget\" data-settings=\"{&quot;ekit_we_effect_on&quot;:&quot;none&quot;}\" data-widget_type=\"heading.default\">\n\t\t\t\t<div class=\"elementor-widget-container\">\n\t\t\t\t\t<h2 class=\"elementor-heading-title elementor-size-default\">KAILE \n<br><br>Kompleksowy partner w zakresie artyku\u0142\u00f3w gospodarstwa domowego<\/h2>\t\t\t\t<\/div>\n\t\t\t\t<\/div>\n\t\t\t\t<\/div>\n\t\t\t\t<div class=\"elementor-element elementor-element-782c559 elementor-widget__width-initial elementor-widget elementor-widget-text-editor\" data-id=\"782c559\" data-element_type=\"widget\" data-e-type=\"widget\" data-settings=\"{&quot;ekit_we_effect_on&quot;:&quot;none&quot;}\" data-widget_type=\"text-editor.default\">\n\t\t\t\t<div class=\"elementor-widget-container\">\n\t\t\t\t\t\t\t\t\tKAILE po\u015bwi\u0119ci\u0142o dekad\u0119 na pog\u0142\u0119bianie naszej wiedzy specjalistycznej w sektorze przemys\u0142owym. <br><br>Naszym celem zawsze by\u0142o zapewnienie kompleksowego rozwi\u0105zania w zakresie zaopatrzenia w artyku\u0142y HOMEWARE.<br><br> Ewoluuj\u0105c od pojedynczej kategorii produkt\u00f3w do kompleksowego asortymentu, niestrudzenie pracujemy nad oferowaniem ka\u017cdego dnia nowszych, bardziej konkurencyjnych produkt\u00f3w.<br> <br>Do tej pory nasze produkty by\u0142y eksportowane do ponad 50 kraj\u00f3w i region\u00f3w. Nasze do\u015bwiadczenie obejmuje zr\u00f3\u017cnicowan\u0105 baz\u0119 klient\u00f3w, pomagaj\u0105c ma\u0142ym i \u015brednim firmom w zakupie zapas\u00f3w i wspieraj\u0105c du\u017cych klient\u00f3w poprzez testowanie produkt\u00f3w i audyty fabryczne.\t\t\t\t\t\t\t\t<\/div>\n\t\t\t\t<\/div>\n\t\t\t\t\t<\/div>\n\t\t\t\t<\/div>\n\t\t<div class=\"elementor-element elementor-element-33c93fb e-flex e-con-boxed e-con e-parent\" data-id=\"33c93fb\" data-element_type=\"container\" data-e-type=\"container\" data-settings=\"{&quot;ekit_has_onepagescroll_dot&quot;:&quot;yes&quot;}\">\n\t\t\t\t\t<div class=\"e-con-inner\">\n\t\t\t\t<div class=\"elementor-element elementor-element-c6b5c22 elementor-widget__width-initial elementor-widget elementor-widget-text-editor\" data-id=\"c6b5c22\" data-element_type=\"widget\" data-e-type=\"widget\" data-settings=\"{&quot;ekit_we_effect_on&quot;:&quot;none&quot;}\" data-widget_type=\"text-editor.default\">\n\t\t\t\t<div class=\"elementor-widget-container\">\n\t\t\t\t\t\t\t\t\tNasz\u0105 misj\u0105 jest wspieranie sprzedawc\u00f3w detalicznych i hurtowych na ca\u0142ym \u015bwiecie poprzez oferowanie innowacyjnych, wysokiej jako\u015bci rozwi\u0105za\u0144 w zakresie wystroju wn\u0119trz i mebli, kt\u00f3re inspiruj\u0105 i zachwycaj\u0105. <br><br>Jeste\u015bmy zaanga\u017cowani w dostarczanie elastycznych i dostosowanych us\u0142ug, umo\u017cliwiaj\u0105cych naszym klientom rozw\u00f3j na szybko zmieniaj\u0105cym si\u0119 rynku.\n\nKonsekwentnie dostarczaj\u0105c stylowe, modne produkty o niskim MOQ, staramy si\u0119 pomaga\u0107 firmom ka\u017cdej wielko\u015bci w dost\u0119pie do najnowszych projekt\u00f3w i rozszerzaniu ich oferty produktowej. Nasze zaanga\u017cowanie w szybk\u0105 dostaw\u0119, siln\u0105 wra\u017cliwo\u015b\u0107 estetyczn\u0105 i niestandardowe rozwi\u0105zania zapewnia, \u017ce nasi klienci mog\u0105 z pewno\u015bci\u0105 sprosta\u0107 wymaganiom swoich klient\u00f3w.\n\n<br><br>Staramy si\u0119 by\u0107 Twoim zaufanym partnerem, wnosz\u0105c kreatywno\u015b\u0107, niezawodno\u015b\u0107 i globaln\u0105 perspektyw\u0119.\t\t\t\t\t\t\t\t<\/div>\n\t\t\t\t<\/div>\n\t\t\t\t<div class=\"elementor-element elementor-element-6073fa1 elementor-widget-tablet__width-initial elementor-widget elementor-widget-heading\" data-id=\"6073fa1\" data-element_type=\"widget\" data-e-type=\"widget\" data-settings=\"{&quot;ekit_we_effect_on&quot;:&quot;none&quot;}\" data-widget_type=\"heading.default\">\n\t\t\t\t<div class=\"elementor-widget-container\">\n\t\t\t\t\t<h2 class=\"elementor-heading-title elementor-size-default\">Nasza misja<\/h2>\t\t\t\t<\/div>\n\t\t\t\t<\/div>\n\t\t\t\t\t<\/div>\n\t\t\t\t<\/div>\n\t\t<div class=\"elementor-element elementor-element-ca76691 e-flex e-con-boxed e-con e-parent\" data-id=\"ca76691\" data-element_type=\"container\" data-e-type=\"container\" data-settings=\"{&quot;background_background&quot;:&quot;classic&quot;,&quot;ekit_has_onepagescroll_dot&quot;:&quot;yes&quot;}\">\n\t\t\t\t\t<div class=\"e-con-inner\">\n\t\t\t\t<div class=\"elementor-element elementor-element-ea51759 elementor-widget elementor-widget-heading\" data-id=\"ea51759\" data-element_type=\"widget\" data-e-type=\"widget\" data-settings=\"{&quot;ekit_we_effect_on&quot;:&quot;none&quot;}\" data-widget_type=\"heading.default\">\n\t\t\t\t<div class=\"elementor-widget-container\">\n\t\t\t\t\t<h2 class=\"elementor-heading-title elementor-size-default\">Pozosta\u0144my w kontakcie<\/h2>\t\t\t\t<\/div>\n\t\t\t\t<\/div>\n\t\t\t\t<div class=\"elementor-element elementor-element-06f24ae elementor-widget elementor-widget-text-editor\" data-id=\"06f24ae\" data-element_type=\"widget\" data-e-type=\"widget\" data-settings=\"{&quot;ekit_we_effect_on&quot;:&quot;none&quot;}\" data-widget_type=\"text-editor.default\">\n\t\t\t\t<div class=\"elementor-widget-container\">\n\t\t\t\t\t\t\t\t\t\u015aled\u017a nas w naszych mediach spo\u0142eczno\u015bciowych i skontaktuj si\u0119 z nami, aby uzyska\u0107 inspiracj\u0119.\t\t\t\t\t\t\t\t<\/div>\n\t\t\t\t<\/div>\n\t\t\t\t<div class=\"elementor-element elementor-element-9fc5875 elementor-widget__width-initial elementor-mobile-align-center elementor-widget elementor-widget-button\" data-id=\"9fc5875\" data-element_type=\"widget\" data-e-type=\"widget\" data-settings=\"{&quot;ekit_we_effect_on&quot;:&quot;none&quot;}\" data-widget_type=\"button.default\">\n\t\t\t\t<div class=\"elementor-widget-container\">\n\t\t\t\t\t\t\t\t\t<div class=\"elementor-button-wrapper\">\n\t\t\t\t\t<a class=\"elementor-button elementor-button-link elementor-size-sm\" href=\"#elementor-action%3Aaction%3Dpopup%3Aopen%26settings%3DeyJpZCI6IjYxODciLCJ0b2dnbGUiOmZhbHNlfQ%3D%3D\">\n\t\t\t\t\t\t<span class=\"elementor-button-content-wrapper\">\n\t\t\t\t\t\t\t\t\t<span class=\"elementor-button-text\">ZAINSPIRUJ SI\u0118<\/span>\n\t\t\t\t\t<\/span>\n\t\t\t\t\t<\/a>\n\t\t\t\t<\/div>\n\t\t\t\t\t\t\t\t<\/div>\n\t\t\t\t<\/div>\n\t\t\t\t\t<\/div>\n\t\t\t\t<\/div>\n\t\t<div class=\"elementor-element elementor-element-ae1077e e-flex e-con-boxed e-con e-parent\" data-id=\"ae1077e\" data-element_type=\"container\" data-e-type=\"container\" data-settings=\"{&quot;background_background&quot;:&quot;classic&quot;,&quot;ekit_has_onepagescroll_dot&quot;:&quot;yes&quot;}\">\n\t\t\t\t\t<div class=\"e-con-inner\">\n\t\t\t\t<div class=\"elementor-element elementor-element-6a88c7b elementor-cta--skin-cover elementor-widget__width-initial elementor-animated-content elementor-bg-transform elementor-bg-transform-zoom-in elementor-widget elementor-widget-call-to-action\" data-id=\"6a88c7b\" data-element_type=\"widget\" data-e-type=\"widget\" data-settings=\"{&quot;ekit_we_effect_on&quot;:&quot;none&quot;}\" data-widget_type=\"call-to-action.default\">\n\t\t\t\t<div class=\"elementor-widget-container\">\n\t\t\t\t\t\t\t<a class=\"elementor-cta\" href=\"https:\/\/www.instagram.com\/kailelifestyle\/\">\n\t\t\t\t\t<div class=\"elementor-cta__bg-wrapper\">\n\t\t\t\t<div class=\"elementor-cta__bg elementor-bg\" style=\"background-image: url(https:\/\/kailelifestyle.com\/wp-content\/uploads\/2024\/03\/IMG_384220231029-114406-1.jpg);\" role=\"img\" aria-label=\"IMG_3842(20231029-114406)\"><\/div>\n\t\t\t\t<div class=\"elementor-cta__bg-overlay\"><\/div>\n\t\t\t<\/div>\n\t\t\t\t\t\t\t<div class=\"elementor-cta__content\">\n\t\t\t\t\t\t\t\t\t<div class=\"elementor-content-item elementor-cta__content-item elementor-icon-wrapper elementor-cta__icon elementor-view-default elementor-animated-item--grow\">\n\t\t\t\t\t\t<div class=\"elementor-icon\">\n\t\t\t\t\t\t\t<i aria-hidden=\"true\" class=\"icon icon-instagram-1\"><\/i>\t\t\t\t\t\t<\/div>\n\t\t\t\t\t<\/div>\n\t\t\t\t\n\t\t\t\t\n\t\t\t\t\n\t\t\t\t\t\t\t<\/div>\n\t\t\t\t\t\t<\/a>\n\t\t\t\t\t\t<\/div>\n\t\t\t\t<\/div>\n\t\t\t\t<div class=\"elementor-element elementor-element-f7e3162 elementor-cta--skin-cover elementor-widget__width-initial elementor-animated-content elementor-bg-transform elementor-bg-transform-zoom-in elementor-widget elementor-widget-call-to-action\" data-id=\"f7e3162\" data-element_type=\"widget\" data-e-type=\"widget\" data-settings=\"{&quot;ekit_we_effect_on&quot;:&quot;none&quot;}\" data-widget_type=\"call-to-action.default\">\n\t\t\t\t<div class=\"elementor-widget-container\">\n\t\t\t\t\t\t\t<a class=\"elementor-cta\" href=\"https:\/\/www.instagram.com\/kailelifestyle\/\">\n\t\t\t\t\t<div class=\"elementor-cta__bg-wrapper\">\n\t\t\t\t<div class=\"elementor-cta__bg elementor-bg\" style=\"background-image: url(https:\/\/kailelifestyle.com\/wp-content\/uploads\/2024\/03\/O1CN01Wk9n3K1dMGh8KlUZ9_4004433721-0-cib.jpg);\" role=\"img\" aria-label=\"O1CN01Wk9n3K1dMGh8KlUZ9_!!4004433721-0-cib\"><\/div>\n\t\t\t\t<div class=\"elementor-cta__bg-overlay\"><\/div>\n\t\t\t<\/div>\n\t\t\t\t\t\t\t<div class=\"elementor-cta__content\">\n\t\t\t\t\t\t\t\t\t<div class=\"elementor-content-item elementor-cta__content-item elementor-icon-wrapper elementor-cta__icon elementor-view-default elementor-animated-item--grow\">\n\t\t\t\t\t\t<div class=\"elementor-icon\">\n\t\t\t\t\t\t\t<i aria-hidden=\"true\" class=\"icon icon-instagram-1\"><\/i>\t\t\t\t\t\t<\/div>\n\t\t\t\t\t<\/div>\n\t\t\t\t\n\t\t\t\t\n\t\t\t\t\n\t\t\t\t\t\t\t<\/div>\n\t\t\t\t\t\t<\/a>\n\t\t\t\t\t\t<\/div>\n\t\t\t\t<\/div>\n\t\t\t\t<div class=\"elementor-element elementor-element-f246b56 elementor-cta--skin-cover elementor-widget__width-initial elementor-animated-content elementor-bg-transform elementor-bg-transform-zoom-in elementor-widget elementor-widget-call-to-action\" data-id=\"f246b56\" data-element_type=\"widget\" data-e-type=\"widget\" data-settings=\"{&quot;ekit_we_effect_on&quot;:&quot;none&quot;}\" data-widget_type=\"call-to-action.default\">\n\t\t\t\t<div class=\"elementor-widget-container\">\n\t\t\t\t\t\t\t<a class=\"elementor-cta\" href=\"https:\/\/www.instagram.com\/kailelifestyle\/\">\n\t\t\t\t\t<div class=\"elementor-cta__bg-wrapper\">\n\t\t\t\t<div class=\"elementor-cta__bg elementor-bg\" style=\"background-image: url(https:\/\/kailelifestyle.com\/wp-content\/uploads\/2024\/03\/iamge-001.png);\" role=\"img\" aria-label=\"iamge-001\"><\/div>\n\t\t\t\t<div class=\"elementor-cta__bg-overlay\"><\/div>\n\t\t\t<\/div>\n\t\t\t\t\t\t\t<div class=\"elementor-cta__content\">\n\t\t\t\t\t\t\t\t\t<div class=\"elementor-content-item elementor-cta__content-item elementor-icon-wrapper elementor-cta__icon elementor-view-default elementor-animated-item--grow\">\n\t\t\t\t\t\t<div class=\"elementor-icon\">\n\t\t\t\t\t\t\t<i aria-hidden=\"true\" class=\"icon icon-instagram-1\"><\/i>\t\t\t\t\t\t<\/div>\n\t\t\t\t\t<\/div>\n\t\t\t\t\n\t\t\t\t\n\t\t\t\t\n\t\t\t\t\t\t\t<\/div>\n\t\t\t\t\t\t<\/a>\n\t\t\t\t\t\t<\/div>\n\t\t\t\t<\/div>\n\t\t\t\t<div class=\"elementor-element elementor-element-6731a1e elementor-cta--skin-cover elementor-widget__width-initial elementor-animated-content elementor-bg-transform elementor-bg-transform-zoom-in elementor-widget elementor-widget-call-to-action\" data-id=\"6731a1e\" data-element_type=\"widget\" data-e-type=\"widget\" data-settings=\"{&quot;ekit_we_effect_on&quot;:&quot;none&quot;}\" data-widget_type=\"call-to-action.default\">\n\t\t\t\t<div class=\"elementor-widget-container\">\n\t\t\t\t\t\t\t<a class=\"elementor-cta\" href=\"https:\/\/www.instagram.com\/kailelifestyle\/\">\n\t\t\t\t\t<div class=\"elementor-cta__bg-wrapper\">\n\t\t\t\t<div class=\"elementor-cta__bg elementor-bg\" style=\"background-image: url(https:\/\/kailelifestyle.com\/wp-content\/uploads\/2024\/03\/O1CN018iZRSd2HimkkRvw7n_1015249185-0-cib-1.jpg);\" role=\"img\" aria-label=\"O1CN018iZRSd2HimkkRvw7n_!!1015249185-0-cib\"><\/div>\n\t\t\t\t<div class=\"elementor-cta__bg-overlay\"><\/div>\n\t\t\t<\/div>\n\t\t\t\t\t\t\t<div class=\"elementor-cta__content\">\n\t\t\t\t\t\t\t\t\t<div class=\"elementor-content-item elementor-cta__content-item elementor-icon-wrapper elementor-cta__icon elementor-view-default elementor-animated-item--grow\">\n\t\t\t\t\t\t<div class=\"elementor-icon\">\n\t\t\t\t\t\t\t<i aria-hidden=\"true\" class=\"icon icon-instagram-1\"><\/i>\t\t\t\t\t\t<\/div>\n\t\t\t\t\t<\/div>\n\t\t\t\t\n\t\t\t\t\n\t\t\t\t\n\t\t\t\t\t\t\t<\/div>\n\t\t\t\t\t\t<\/a>\n\t\t\t\t\t\t<\/div>\n\t\t\t\t<\/div>\n\t\t\t\t\t<\/div>\n\t\t\t\t<\/div>\n\t\t\t\t<\/div>","protected":false},"excerpt":{"rendered":"<p>KAILE Your one-stop Homeware partner KAILE has dedicated a decade to deepening our expertise in the industry sector. Our commitment has always been to provide a one-stop supply solution for HOMEWARE items. Evolving from a single product category to a comprehensive range, we tirelessly work to offer newer, more competitive products each day. To date, [&hellip;]<\/p>\n","protected":false},"author":1,"featured_media":0,"parent":0,"menu_order":0,"comment_status":"closed","ping_status":"closed","template":"","meta":{"_seopress_robots_primary_cat":"","_seopress_titles_title":"","_seopress_titles_desc":"","_seopress_robots_index":"","_seopress_analysis_target_kw":"","_joinchat":[],"footnotes":""},"class_list":["post-22","page","type-page","status-publish","hentry"],"_links":{"self":[{"href":"https:\/\/kailelifestyle.com\/pl\/wp-json\/wp\/v2\/pages\/22","targetHints":{"allow":["GET"]}}],"collection":[{"href":"https:\/\/kailelifestyle.com\/pl\/wp-json\/wp\/v2\/pages"}],"about":[{"href":"https:\/\/kailelifestyle.com\/pl\/wp-json\/wp\/v2\/types\/page"}],"author":[{"embeddable":true,"href":"https:\/\/kailelifestyle.com\/pl\/wp-json\/wp\/v2\/users\/1"}],"replies":[{"embeddable":true,"href":"https:\/\/kailelifestyle.com\/pl\/wp-json\/wp\/v2\/comments?post=22"}],"version-history":[{"count":187,"href":"https:\/\/kailelifestyle.com\/pl\/wp-json\/wp\/v2\/pages\/22\/revisions"}],"predecessor-version":[{"id":17691,"href":"https:\/\/kailelifestyle.com\/pl\/wp-json\/wp\/v2\/pages\/22\/revisions\/17691"}],"wp:attachment":[{"href":"https:\/\/kailelifestyle.com\/pl\/wp-json\/wp\/v2\/media?parent=22"}],"curies":[{"name":"wp","href":"https:\/\/api.w.org\/{rel}","templated":true}]}}